{"id":15,"date":"2024-06-03T16:55:56","date_gmt":"2024-06-03T14:55:56","guid":{"rendered":"https:\/\/paysagiste.creab-design.fr\/?page_id=15"},"modified":"2024-10-14T18:15:06","modified_gmt":"2024-10-14T16:15:06","slug":"services","status":"publish","type":"page","link":"https:\/\/paysagiste.creab-design.fr\/?page_id=15","title":{"rendered":"Services"},"content":{"rendered":"\t\t<div data-elementor-type=\"wp-page\" data-elementor-id=\"15\" class=\"elementor elementor-15\">\n\t\t\t\t<div class=\"elementor-element elementor-element-0cb30e7 e-con-full e-flex e-con e-parent\" data-id=\"0cb30e7\" data-element_type=\"container\" data-e-type=\"container\">\n\t\t\t\t<div class=\"elementor-element elementor-element-31e9847 elementor-widget elementor-widget-heading\" data-id=\"31e9847\" data-element_type=\"widget\" data-e-type=\"widget\" data-widget_type=\"heading.default\">\n\t\t\t\t<div class=\"elementor-widget-container\">\n\t\t\t\t\t<h2 class=\"elementor-heading-title elementor-size-default\">NOS SERVICES<\/h2>\t\t\t\t<\/div>\n\t\t\t\t<\/div>\n\t\t\t\t<div class=\"elementor-element elementor-element-16ba6a8 elementor-widget elementor-widget-heading\" data-id=\"16ba6a8\" data-element_type=\"widget\" data-e-type=\"widget\" data-widget_type=\"heading.default\">\n\t\t\t\t<div class=\"elementor-widget-container\">\n\t\t\t\t\t<h3 class=\"elementor-heading-title elementor-size-default\">Entretiens espaces verts<\/h3>\t\t\t\t<\/div>\n\t\t\t\t<\/div>\n\t\t\t\t<\/div>\n\t\t<div class=\"elementor-element elementor-element-faa5fb2 e-flex e-con-boxed e-con e-parent\" data-id=\"faa5fb2\" data-element_type=\"container\" data-e-type=\"container\">\n\t\t\t\t\t<div class=\"e-con-inner\">\n\t\t\t\t<div class=\"elementor-element elementor-element-00751bf elementor-widget elementor-widget-image\" data-id=\"00751bf\" data-element_type=\"widget\" data-e-type=\"widget\" data-widget_type=\"image.default\">\n\t\t\t\t<div class=\"elementor-widget-container\">\n\t\t\t\t\t\t\t\t\t\t\t\t\t\t\t<img fetchpriority=\"high\" decoding=\"async\" width=\"800\" height=\"450\" src=\"https:\/\/paysagiste.creab-design.fr\/wp-content\/uploads\/2024\/09\/jardinier_9-1024x576.jpg\" class=\"attachment-large size-large wp-image-258\" alt=\"Homme qui tond\" srcset=\"https:\/\/paysagiste.creab-design.fr\/wp-content\/uploads\/2024\/09\/jardinier_9-1024x576.jpg 1024w, https:\/\/paysagiste.creab-design.fr\/wp-content\/uploads\/2024\/09\/jardinier_9-300x169.jpg 300w, https:\/\/paysagiste.creab-design.fr\/wp-content\/uploads\/2024\/09\/jardinier_9-768x432.jpg 768w, https:\/\/paysagiste.creab-design.fr\/wp-content\/uploads\/2024\/09\/jardinier_9-1536x864.jpg 1536w, https:\/\/paysagiste.creab-design.fr\/wp-content\/uploads\/2024\/09\/jardinier_9.jpg 1920w\" sizes=\"(max-width: 800px) 100vw, 800px\" \/>\t\t\t\t\t\t\t\t\t\t\t\t\t\t\t<\/div>\n\t\t\t\t<\/div>\n\t\t\t\t<div class=\"elementor-element elementor-element-beb183a elementor-widget__width-initial elementor-widget elementor-widget-text-editor\" data-id=\"beb183a\" data-element_type=\"widget\" data-e-type=\"widget\" data-widget_type=\"text-editor.default\">\n\t\t\t\t<div class=\"elementor-widget-container\">\n\t\t\t\t\t\t\t\t\t<p>Nous prenons en charge tous types de travaux pour l&rsquo;entretien de vos jardins&#8230; Que ce soit les tontes de pelouses, la taille de vos haies, de vos arbres et arbustes, ou bien le d\u00e9sherbage de vos plate-bandes.<\/p><p>Nos \u00e9quipes de jardiniers sont form\u00e9s pour toutes les t\u00e2ches en ce qui concerne la bonne tenue de vos espaces verts. Ils sont \u00e9quip\u00e9s de mat\u00e9riel professionnel, ainsi que des \u00e9quipements de protection individuels requis pour la pratique de ce m\u00e9tier.<\/p>\t\t\t\t\t\t\t\t<\/div>\n\t\t\t\t<\/div>\n\t\t\t\t\t<\/div>\n\t\t\t\t<\/div>\n\t\t<div class=\"elementor-element elementor-element-5515f0d e-flex e-con-boxed e-con e-parent\" data-id=\"5515f0d\" data-element_type=\"container\" data-e-type=\"container\">\n\t\t\t\t\t<div class=\"e-con-inner\">\n\t\t\t\t<div class=\"elementor-element elementor-element-87d8d4b elementor-widget elementor-widget-heading\" data-id=\"87d8d4b\" data-element_type=\"widget\" data-e-type=\"widget\" data-widget_type=\"heading.default\">\n\t\t\t\t<div class=\"elementor-widget-container\">\n\t\t\t\t\t<h2 class=\"elementor-heading-title elementor-size-default\">Cr\u00e9ation espaces verts et d\u00e9tente<\/h2>\t\t\t\t<\/div>\n\t\t\t\t<\/div>\n\t\t\t\t\t<\/div>\n\t\t\t\t<\/div>\n\t\t<div class=\"elementor-element elementor-element-0b3bc7e e-flex e-con-boxed e-con e-parent\" data-id=\"0b3bc7e\" data-element_type=\"container\" data-e-type=\"container\">\n\t\t\t\t\t<div class=\"e-con-inner\">\n\t\t\t\t<div class=\"elementor-element elementor-element-f5ce5f2 elementor-widget__width-initial elementor-widget elementor-widget-text-editor\" data-id=\"f5ce5f2\" data-element_type=\"widget\" data-e-type=\"widget\" data-widget_type=\"text-editor.default\">\n\t\t\t\t<div class=\"elementor-widget-container\">\n\t\t\t\t\t\t\t\t\t<p>Afin de vous offrir les meilleures prestations en r\u00e9pondant parfaitement \u00e0 vos attentes, nos \u00e9quipes sont compos\u00e9es d&rsquo;artisans chevronn\u00e9s issus des corps de m\u00e9tier indispensables \u00e0 l&rsquo;\u00e9laboration de vos projets.<\/p>\n\n<p>Nous nous engageons \u00e0 fournir un travail de grande qualit\u00e9 comme vous pourrez le voir dans <a href=\"https:\/\/paysagiste.creab-design.fr\/galerie\/\" title=\"cliquez pour visionner\">la galerie<\/a>&#8230;<br>\nVous pouvez tout imaginer, nous pouvons tout cr\u00e9er!!\t\t\t\t\t\t\t\t<\/div>\n\t\t\t\t<\/div>\n\t\t\t\t<div class=\"elementor-element elementor-element-a449f61 elementor-widget elementor-widget-image\" data-id=\"a449f61\" data-element_type=\"widget\" data-e-type=\"widget\" data-widget_type=\"image.default\">\n\t\t\t\t<div class=\"elementor-widget-container\">\n\t\t\t\t\t\t\t\t\t\t\t\t\t\t\t<img decoding=\"async\" width=\"800\" height=\"450\" src=\"https:\/\/paysagiste.creab-design.fr\/wp-content\/uploads\/2024\/09\/jardin_9-1024x576.jpg\" class=\"attachment-large size-large wp-image-369\" alt=\"belle maison avec beau jardin\" srcset=\"https:\/\/paysagiste.creab-design.fr\/wp-content\/uploads\/2024\/09\/jardin_9-1024x576.jpg 1024w, https:\/\/paysagiste.creab-design.fr\/wp-content\/uploads\/2024\/09\/jardin_9-300x169.jpg 300w, https:\/\/paysagiste.creab-design.fr\/wp-content\/uploads\/2024\/09\/jardin_9-768x432.jpg 768w, https:\/\/paysagiste.creab-design.fr\/wp-content\/uploads\/2024\/09\/jardin_9-1536x864.jpg 1536w, https:\/\/paysagiste.creab-design.fr\/wp-content\/uploads\/2024\/09\/jardin_9.jpg 1920w\" sizes=\"(max-width: 800px) 100vw, 800px\" \/>\t\t\t\t\t\t\t\t\t\t\t\t\t\t\t<\/div>\n\t\t\t\t<\/div>\n\t\t\t\t\t<\/div>\n\t\t\t\t<\/div>\n\t\t\t\t<\/div>\n\t\t","protected":false},"excerpt":{"rendered":"<p>NOS SERVICES Entretiens espaces verts Nous prenons en charge tous types de travaux pour l&rsquo;entretien de vos jardins&#8230; Que ce soit les tontes de pelouses, la taille de vos haies, de vos arbres et arbustes, ou bien le d\u00e9sherbage de vos plate-bandes. Nos \u00e9quipes de jardiniers sont form\u00e9s pour toutes les t\u00e2ches en ce qui [&hellip;]<\/p>\n","protected":false},"author":1,"featured_media":0,"parent":0,"menu_order":0,"comment_status":"closed","ping_status":"closed","template":"","meta":{"footnotes":""},"class_list":["post-15","page","type-page","status-publish","hentry"],"yoast_head":"<!-- This site is optimized with the Yoast SEO plugin v26.9 - https:\/\/yoast.com\/product\/yoast-seo-wordpress\/ -->\n<title>Services - Garden Green<\/title>\n<meta name=\"robots\" content=\"index, follow, max-snippet:-1, max-image-preview:large, max-video-preview:-1\" \/>\n<link rel=\"canonical\" href=\"https:\/\/paysagiste.creab-design.fr\/?page_id=15\" \/>\n<meta property=\"og:locale\" content=\"fr_FR\" \/>\n<meta property=\"og:type\" content=\"article\" \/>\n<meta property=\"og:title\" content=\"Services - Garden Green\" \/>\n<meta property=\"og:description\" content=\"NOS SERVICES Entretiens espaces verts Nous prenons en charge tous types de travaux pour l&rsquo;entretien de vos jardins&#8230; Que ce soit les tontes de pelouses, la taille de vos haies, de vos arbres et arbustes, ou bien le d\u00e9sherbage de vos plate-bandes. Nos \u00e9quipes de jardiniers sont form\u00e9s pour toutes les t\u00e2ches en ce qui [&hellip;]\" \/>\n<meta property=\"og:url\" content=\"https:\/\/paysagiste.creab-design.fr\/?page_id=15\" \/>\n<meta property=\"og:site_name\" content=\"Garden Green\" \/>\n<meta property=\"article:modified_time\" content=\"2024-10-14T16:15:06+00:00\" \/>\n<meta property=\"og:image\" content=\"http:\/\/paysagiste.creab-design.fr\/wp-content\/uploads\/2024\/09\/jardinier_9-1024x576.jpg\" \/>\n<meta name=\"twitter:card\" content=\"summary_large_image\" \/>\n<meta name=\"twitter:label1\" content=\"Dur\u00e9e de lecture estim\u00e9e\" \/>\n\t<meta name=\"twitter:data1\" content=\"2 minutes\" \/>\n<script type=\"application\/ld+json\" class=\"yoast-schema-graph\">{\"@context\":\"https:\/\/schema.org\",\"@graph\":[{\"@type\":\"WebPage\",\"@id\":\"https:\/\/paysagiste.creab-design.fr\/?page_id=15\",\"url\":\"https:\/\/paysagiste.creab-design.fr\/?page_id=15\",\"name\":\"Services - Garden Green\",\"isPartOf\":{\"@id\":\"https:\/\/paysagiste.creab-design.fr\/#website\"},\"primaryImageOfPage\":{\"@id\":\"https:\/\/paysagiste.creab-design.fr\/?page_id=15#primaryimage\"},\"image\":{\"@id\":\"https:\/\/paysagiste.creab-design.fr\/?page_id=15#primaryimage\"},\"thumbnailUrl\":\"http:\/\/paysagiste.creab-design.fr\/wp-content\/uploads\/2024\/09\/jardinier_9-1024x576.jpg\",\"datePublished\":\"2024-06-03T14:55:56+00:00\",\"dateModified\":\"2024-10-14T16:15:06+00:00\",\"breadcrumb\":{\"@id\":\"https:\/\/paysagiste.creab-design.fr\/?page_id=15#breadcrumb\"},\"inLanguage\":\"fr-FR\",\"potentialAction\":[{\"@type\":\"ReadAction\",\"target\":[\"https:\/\/paysagiste.creab-design.fr\/?page_id=15\"]}]},{\"@type\":\"ImageObject\",\"inLanguage\":\"fr-FR\",\"@id\":\"https:\/\/paysagiste.creab-design.fr\/?page_id=15#primaryimage\",\"url\":\"https:\/\/paysagiste.creab-design.fr\/wp-content\/uploads\/2024\/09\/jardinier_9.jpg\",\"contentUrl\":\"https:\/\/paysagiste.creab-design.fr\/wp-content\/uploads\/2024\/09\/jardinier_9.jpg\",\"width\":1920,\"height\":1080,\"caption\":\"Homme qui tond\"},{\"@type\":\"BreadcrumbList\",\"@id\":\"https:\/\/paysagiste.creab-design.fr\/?page_id=15#breadcrumb\",\"itemListElement\":[{\"@type\":\"ListItem\",\"position\":1,\"name\":\"Accueil\",\"item\":\"https:\/\/paysagiste.creab-design.fr\/\"},{\"@type\":\"ListItem\",\"position\":2,\"name\":\"Services\"}]},{\"@type\":\"WebSite\",\"@id\":\"https:\/\/paysagiste.creab-design.fr\/#website\",\"url\":\"https:\/\/paysagiste.creab-design.fr\/\",\"name\":\"Garden Green\",\"description\":\"Un ext\u00e9rieur \u00e0 votre go\u00fbt\",\"publisher\":{\"@id\":\"https:\/\/paysagiste.creab-design.fr\/#organization\"},\"potentialAction\":[{\"@type\":\"SearchAction\",\"target\":{\"@type\":\"EntryPoint\",\"urlTemplate\":\"https:\/\/paysagiste.creab-design.fr\/?s={search_term_string}\"},\"query-input\":{\"@type\":\"PropertyValueSpecification\",\"valueRequired\":true,\"valueName\":\"search_term_string\"}}],\"inLanguage\":\"fr-FR\"},{\"@type\":\"Organization\",\"@id\":\"https:\/\/paysagiste.creab-design.fr\/#organization\",\"name\":\"Garden Green\",\"url\":\"https:\/\/paysagiste.creab-design.fr\/\",\"logo\":{\"@type\":\"ImageObject\",\"inLanguage\":\"fr-FR\",\"@id\":\"https:\/\/paysagiste.creab-design.fr\/#\/schema\/logo\/image\/\",\"url\":\"http:\/\/paysagiste.creab-design.fr\/wp-content\/uploads\/2024\/06\/cropped-Logotype_PNG.png\",\"contentUrl\":\"http:\/\/paysagiste.creab-design.fr\/wp-content\/uploads\/2024\/06\/cropped-Logotype_PNG.png\",\"width\":512,\"height\":512,\"caption\":\"Garden Green\"},\"image\":{\"@id\":\"https:\/\/paysagiste.creab-design.fr\/#\/schema\/logo\/image\/\"}}]}<\/script>\n<!-- \/ Yoast SEO plugin. -->","yoast_head_json":{"title":"Services - Garden Green","robots":{"index":"index","follow":"follow","max-snippet":"max-snippet:-1","max-image-preview":"max-image-preview:large","max-video-preview":"max-video-preview:-1"},"canonical":"https:\/\/paysagiste.creab-design.fr\/?page_id=15","og_locale":"fr_FR","og_type":"article","og_title":"Services - Garden Green","og_description":"NOS SERVICES Entretiens espaces verts Nous prenons en charge tous types de travaux pour l&rsquo;entretien de vos jardins&#8230; Que ce soit les tontes de pelouses, la taille de vos haies, de vos arbres et arbustes, ou bien le d\u00e9sherbage de vos plate-bandes. Nos \u00e9quipes de jardiniers sont form\u00e9s pour toutes les t\u00e2ches en ce qui [&hellip;]","og_url":"https:\/\/paysagiste.creab-design.fr\/?page_id=15","og_site_name":"Garden Green","article_modified_time":"2024-10-14T16:15:06+00:00","og_image":[{"url":"http:\/\/paysagiste.creab-design.fr\/wp-content\/uploads\/2024\/09\/jardinier_9-1024x576.jpg","type":"","width":"","height":""}],"twitter_card":"summary_large_image","twitter_misc":{"Dur\u00e9e de lecture estim\u00e9e":"2 minutes"},"schema":{"@context":"https:\/\/schema.org","@graph":[{"@type":"WebPage","@id":"https:\/\/paysagiste.creab-design.fr\/?page_id=15","url":"https:\/\/paysagiste.creab-design.fr\/?page_id=15","name":"Services - Garden Green","isPartOf":{"@id":"https:\/\/paysagiste.creab-design.fr\/#website"},"primaryImageOfPage":{"@id":"https:\/\/paysagiste.creab-design.fr\/?page_id=15#primaryimage"},"image":{"@id":"https:\/\/paysagiste.creab-design.fr\/?page_id=15#primaryimage"},"thumbnailUrl":"http:\/\/paysagiste.creab-design.fr\/wp-content\/uploads\/2024\/09\/jardinier_9-1024x576.jpg","datePublished":"2024-06-03T14:55:56+00:00","dateModified":"2024-10-14T16:15:06+00:00","breadcrumb":{"@id":"https:\/\/paysagiste.creab-design.fr\/?page_id=15#breadcrumb"},"inLanguage":"fr-FR","potentialAction":[{"@type":"ReadAction","target":["https:\/\/paysagiste.creab-design.fr\/?page_id=15"]}]},{"@type":"ImageObject","inLanguage":"fr-FR","@id":"https:\/\/paysagiste.creab-design.fr\/?page_id=15#primaryimage","url":"https:\/\/paysagiste.creab-design.fr\/wp-content\/uploads\/2024\/09\/jardinier_9.jpg","contentUrl":"https:\/\/paysagiste.creab-design.fr\/wp-content\/uploads\/2024\/09\/jardinier_9.jpg","width":1920,"height":1080,"caption":"Homme qui tond"},{"@type":"BreadcrumbList","@id":"https:\/\/paysagiste.creab-design.fr\/?page_id=15#breadcrumb","itemListElement":[{"@type":"ListItem","position":1,"name":"Accueil","item":"https:\/\/paysagiste.creab-design.fr\/"},{"@type":"ListItem","position":2,"name":"Services"}]},{"@type":"WebSite","@id":"https:\/\/paysagiste.creab-design.fr\/#website","url":"https:\/\/paysagiste.creab-design.fr\/","name":"Garden Green","description":"Un ext\u00e9rieur \u00e0 votre go\u00fbt","publisher":{"@id":"https:\/\/paysagiste.creab-design.fr\/#organization"},"potentialAction":[{"@type":"SearchAction","target":{"@type":"EntryPoint","urlTemplate":"https:\/\/paysagiste.creab-design.fr\/?s={search_term_string}"},"query-input":{"@type":"PropertyValueSpecification","valueRequired":true,"valueName":"search_term_string"}}],"inLanguage":"fr-FR"},{"@type":"Organization","@id":"https:\/\/paysagiste.creab-design.fr\/#organization","name":"Garden Green","url":"https:\/\/paysagiste.creab-design.fr\/","logo":{"@type":"ImageObject","inLanguage":"fr-FR","@id":"https:\/\/paysagiste.creab-design.fr\/#\/schema\/logo\/image\/","url":"http:\/\/paysagiste.creab-design.fr\/wp-content\/uploads\/2024\/06\/cropped-Logotype_PNG.png","contentUrl":"http:\/\/paysagiste.creab-design.fr\/wp-content\/uploads\/2024\/06\/cropped-Logotype_PNG.png","width":512,"height":512,"caption":"Garden Green"},"image":{"@id":"https:\/\/paysagiste.creab-design.fr\/#\/schema\/logo\/image\/"}}]}},"_links":{"self":[{"href":"https:\/\/paysagiste.creab-design.fr\/index.php?rest_route=\/wp\/v2\/pages\/15","targetHints":{"allow":["GET"]}}],"collection":[{"href":"https:\/\/paysagiste.creab-design.fr\/index.php?rest_route=\/wp\/v2\/pages"}],"about":[{"href":"https:\/\/paysagiste.creab-design.fr\/index.php?rest_route=\/wp\/v2\/types\/page"}],"author":[{"embeddable":true,"href":"https:\/\/paysagiste.creab-design.fr\/index.php?rest_route=\/wp\/v2\/users\/1"}],"replies":[{"embeddable":true,"href":"https:\/\/paysagiste.creab-design.fr\/index.php?rest_route=%2Fwp%2Fv2%2Fcomments&post=15"}],"version-history":[{"count":79,"href":"https:\/\/paysagiste.creab-design.fr\/index.php?rest_route=\/wp\/v2\/pages\/15\/revisions"}],"predecessor-version":[{"id":684,"href":"https:\/\/paysagiste.creab-design.fr\/index.php?rest_route=\/wp\/v2\/pages\/15\/revisions\/684"}],"wp:attachment":[{"href":"https:\/\/paysagiste.creab-design.fr\/index.php?rest_route=%2Fwp%2Fv2%2Fmedia&parent=15"}],"curies":[{"name":"wp","href":"https:\/\/api.w.org\/{rel}","templated":true}]}}