{"id":22,"date":"2024-06-03T16:57:59","date_gmt":"2024-06-03T14:57:59","guid":{"rendered":"https:\/\/paysagiste.creab-design.fr\/?page_id=22"},"modified":"2024-10-14T18:00:57","modified_gmt":"2024-10-14T16:00:57","slug":"mentions-legales","status":"publish","type":"page","link":"https:\/\/paysagiste.creab-design.fr\/?page_id=22","title":{"rendered":"Mentions L\u00e9gales"},"content":{"rendered":"\t\t<div data-elementor-type=\"wp-page\" data-elementor-id=\"22\" class=\"elementor elementor-22\">\n\t\t\t\t<div class=\"elementor-element elementor-element-5f0b7b8 e-flex e-con-boxed e-con e-parent\" data-id=\"5f0b7b8\" data-element_type=\"container\" data-e-type=\"container\">\n\t\t\t\t\t<div class=\"e-con-inner\">\n\t\t\t\t<div class=\"elementor-element elementor-element-05b8dbd elementor-widget elementor-widget-text-editor\" data-id=\"05b8dbd\" data-element_type=\"widget\" data-e-type=\"widget\" data-widget_type=\"text-editor.default\">\n\t\t\t\t<div class=\"elementor-widget-container\">\n\t\t\t\t\t\t\t\t\t<h2><span id=\"lwptoc20\">1 &#8211; \u00c9dition du site<\/span><\/h2>\n\n\n\n<p>En vertu de <a href=\"https:\/\/www.legifrance.gouv.fr\/affichTexte.do?cidTexte=JORFTEXT000000801164#LEGIARTI000042038977\" target=\"_blank\" rel=\"noreferrer noopener\">l&rsquo;article 6 de la loi n\u00b0 2004-575 du 21 juin 2004<\/a> pour la confiance dans l&rsquo;\u00e9conomie num\u00e9rique, il est pr\u00e9cis\u00e9 aux utilisateurs du site internet <strong><span class=\"ff_dynamic_value\" data-ref=\"url\" data-fallback=\"\">https:\/\/www.garden-green.fr<\/span><\/strong> l&rsquo;identit\u00e9 des diff\u00e9rents intervenants dans le cadre de sa r\u00e9alisation et de son suivi:<\/p>\n\n\n\n<p><strong>Propri\u00e9taire du site : <\/strong><span class=\"ff_dynamic_value\" data-ref=\"nom_proprietaire\" data-fallback=\"\">Garden Green<\/span> &#8211; Contact : <span class=\"ff_dynamic_value\" data-ref=\"e_mail_contact\" data-fallback=\"\">contact@gradengreen.com<\/span> <span class=\"ff_dynamic_value\" data-ref=\"telephone\" data-fallback=\"\">0203040506<\/span> &#8211; Adresse : <span class=\"ff_dynamic_value\" data-ref=\"adresse_postale\" data-fallback=\"\">Place des fleurs 76410 Saint-Aubin-l\u00e8s-Elbeuf<\/span>.<\/p>\n\n\n\n<p><strong>Identification de l&rsquo;entreprise :<\/strong> <span class=\"ff_dynamic_value\" data-ref=\"forme_juridique\" data-fallback=\"\">SARL<\/span> <span class=\"ff_dynamic_value\" data-ref=\"nom_proprietaire\" data-fallback=\"\">Garden Green<\/span> au capital social de <span class=\"ff_dynamic_value\" data-ref=\"capital_social\" data-fallback=\"\"><\/span>\u20ac &#8211; SIREN : <span class=\"ff_dynamic_value\" data-ref=\"siren\" data-fallback=\"\"><\/span> &#8211; RCS ou RM : <span class=\"ff_dynamic_value\" data-ref=\"rcs\" data-fallback=\"\"><\/span> &#8211; Adresse postale : <span class=\"ff_dynamic_value\" data-ref=\"adresse_postale\" data-fallback=\"\">Place des fleurs 76410 Saint-Aubin-l\u00e8s-Elbeuf<\/span> &#8211; <span class=\"ff_dynamic_value\" data-ref=\"cgv\" data-fallback=\"\"><\/span> <span style=\"color: #ff0000\">[Consignes : ajoutez ici le lien hypertexte vers la page de vos conditions g\u00e9n\u00e9rales de vente si vous en avez une]<\/span><\/p>\n\n\n\n<p><strong>Directeur de la publication : <\/strong><span class=\"ff_dynamic_value\" data-ref=\"directeur_publication\" data-fallback=\"\">Garden Green<\/span> &#8211; Contact : <span class=\"ff_dynamic_value\" data-ref=\"contact_directeur\" data-fallback=\"\">contact@gardengreen.com<\/span>.<\/p>\n\n\n\n<p><strong>H\u00e9bergeur :<\/strong> <span class=\"ff_dynamic_value\" data-ref=\"hebergeur\" data-fallback=\"\">OVH SAS &#8211; 2 rue Kellermann &#8211; BP 80157 &#8211; 59053 Roubaix Cedex 1 &#8211; T\u00e9l\u00e9phone : 1007<\/span><span class=\"ff_dynamic_value\" data-ref=\"nom_hebergeur\" data-fallback=\"\"><\/span> <span class=\"ff_dynamic_value\" data-ref=\"adresse_hebergeur\" data-fallback=\"\"><\/span> <span class=\"ff_dynamic_value\" data-ref=\"telephone_hebergeur\" data-fallback=\"\"><\/span><\/p>\n\n\n\n<p><strong>D\u00e9l\u00e9gu\u00e9 \u00e0 la protection des donn\u00e9es : <\/strong><span class=\"ff_dynamic_value\" data-ref=\"dpo\" data-fallback=\"\">Dupont Eric<\/span> &#8211; <span class=\"ff_dynamic_value\" data-ref=\"contact_dpo\" data-fallback=\"\">contact@gradengreen.com<\/span><\/p>\n\n\n\n<p><strong>Autres contributeurs :<\/strong> <span class=\"ff_dynamic_value\" data-ref=\"autres_contributeurs\" data-fallback=\"\"><\/span><\/p>\n\n\n<hr class=\"wp-block-separator\">\n\n\n<h2><span id=\"lwptoc21\">2 &#8211; Propri\u00e9t\u00e9 intellectuelle et contrefa\u00e7ons.<\/span><\/h2>\n\n\n\n<p><strong><span class=\"ff_dynamic_value\" data-ref=\"nom_proprietaire\" data-fallback=\"\">Garden Green<\/span><\/strong>\n est propri\u00e9taire des droits de propri\u00e9t\u00e9 intellectuelle et d\u00e9tient les \ndroits d\u2019usage sur tous les \u00e9l\u00e9ments accessibles sur le site internet, \nnotamment les textes, images, graphismes, logos, vid\u00e9os, architecture, \nic\u00f4nes et sons.<\/p>\n\n\n\n<p>Toute reproduction, repr\u00e9sentation, modification, publication, \nadaptation de tout ou partie des \u00e9l\u00e9ments du site, quel que soit le \nmoyen ou le proc\u00e9d\u00e9 utilis\u00e9, est interdite, sauf autorisation \u00e9crite \npr\u00e9alable de <strong><span class=\"ff_dynamic_value\" data-ref=\"nom_proprietaire\" data-fallback=\"\">Garden Green<\/span><\/strong>.<\/p>\n\n\n\n<p>Toute exploitation non autoris\u00e9e du site ou de l\u2019un quelconque des \n\u00e9l\u00e9ments qu\u2019il contient sera consid\u00e9r\u00e9e comme constitutive d\u2019une \ncontrefa\u00e7on et poursuivie conform\u00e9ment aux dispositions des articles <a href=\"https:\/\/www.legifrance.gouv.fr\/affichCodeArticle.do?idArticle=LEGIARTI000032655082&amp;cidTexte=LEGITEXT000006069414&amp;dateTexte=20160605\" target=\"_blank\" rel=\"noreferrer nofollow noopener\">L.335-2 et suivants du Code de Propri\u00e9t\u00e9 Intellectuelle<\/a>.<\/p>\n\n\n<hr class=\"wp-block-separator\">\n\n\n<h2><span id=\"lwptoc22\">3 &#8211; Limitations de responsabilit\u00e9.<\/span><\/h2>\n\n\n\n<p><strong><span class=\"ff_dynamic_value\" data-ref=\"nom_proprietaire\" data-fallback=\"\">Garden Green<\/span><\/strong>\n ne pourra \u00eatre tenu pour responsable des dommages directs et indirects \ncaus\u00e9s au mat\u00e9riel de l\u2019utilisateur, lors de l\u2019acc\u00e8s au site <strong><span class=\"ff_dynamic_value\" data-ref=\"url\" data-fallback=\"\">https:\/\/www.garden-green.fr<\/span><\/strong>.<\/p>\n\n\n\n<p><strong><span class=\"ff_dynamic_value\" data-ref=\"nom_proprietaire\" data-fallback=\"\">Garden Green<\/span><\/strong> d\u00e9cline toute responsabilit\u00e9 quant \u00e0 l\u2019utilisation qui pourrait \u00eatre faite des informations et contenus pr\u00e9sents sur <strong><span class=\"ff_dynamic_value\" data-ref=\"url\" data-fallback=\"\">https:\/\/www.garden-green.fr<\/span><\/strong>.<\/p>\n\n\n\n<p><strong><span class=\"ff_dynamic_value\" data-ref=\"nom_proprietaire\" data-fallback=\"\">Garden Green<\/span><\/strong> s\u2019engage \u00e0 s\u00e9curiser au mieux le site <strong><span class=\"ff_dynamic_value\" data-ref=\"url\" data-fallback=\"\">https:\/\/www.garden-green.fr<\/span><\/strong>,\n cependant sa responsabilit\u00e9 ne pourra \u00eatre mise en cause si des donn\u00e9es\n ind\u00e9sirables sont import\u00e9es et install\u00e9es sur son site \u00e0 son insu.<\/p>\n\n\n\n<p>Des espaces interactifs (espace contact ou commentaires) sont \u00e0 la disposition des utilisateurs. <strong><span class=\"ff_dynamic_value\" data-ref=\"nom_proprietaire\" data-fallback=\"\">Garden Green<\/span><\/strong>\n se r\u00e9serve le droit de supprimer, sans mise en demeure pr\u00e9alable, tout \ncontenu d\u00e9pos\u00e9 dans cet espace qui contreviendrait \u00e0 la l\u00e9gislation \napplicable en France, en particulier aux dispositions relatives \u00e0 la \nprotection des donn\u00e9es.<\/p>\n\n\n\n<p>Le cas \u00e9ch\u00e9ant, <strong><span class=\"ff_dynamic_value\" data-ref=\"nom_proprietaire\" data-fallback=\"\">Garden Green<\/span><\/strong>\n se r\u00e9serve \u00e9galement la possibilit\u00e9 de mettre en cause la \nresponsabilit\u00e9 civile et\/ou p\u00e9nale de l\u2019utilisateur, notamment en cas de\n message \u00e0 caract\u00e8re raciste, injurieux, diffamant, ou pornographique, \nquel que soit le support utilis\u00e9 (texte, photographie \u2026).<\/p>\n\n\n<hr class=\"wp-block-separator\">\n\n\n<h2><span id=\"lwptoc23\">4 &#8211; CNIL et gestion des donn\u00e9es personnelles.<\/span><\/h2>\n\n\n\n<p>Conform\u00e9ment aux dispositions de <a href=\"https:\/\/www.legifrance.gouv.fr\/affichTexte.do?cidTexte=JORFTEXT000000886460\" target=\"_blank\" rel=\"noreferrer nofollow noopener\">la loi 78-17 du 6 janvier 1978 modifi\u00e9e<\/a>, l\u2019utilisateur du site <strong><span class=\"ff_dynamic_value\" data-ref=\"url\" data-fallback=\"\">https:\/\/www.garden-green.fr<\/span><\/strong>\n dispose d\u2019un droit d\u2019acc\u00e8s, de modification et de suppression des \ninformations collect\u00e9es. Pour exercer ce droit, envoyez un message \u00e0 \nnotre D\u00e9l\u00e9gu\u00e9 \u00e0 la Protection des Donn\u00e9es : <strong><span class=\"ff_dynamic_value\" data-ref=\"dpo\" data-fallback=\"\">Dupont Eric<\/span><\/strong> &#8211; <strong><span class=\"ff_dynamic_value\" data-ref=\"contact_dpo\" data-fallback=\"\">contact@gradengreen.com<\/span><\/strong>.<\/p>\n\n\n\n<p>Pour plus d&rsquo;informations sur la fa\u00e7on dont nous traitons vos donn\u00e9es (type de donn\u00e9es, finalit\u00e9, destinataire&#8230;), lisez notre <strong><span class=\"ff_dynamic_value\" data-ref=\"politique_confidentialite\" data-fallback=\"\">https:\/\/paysagiste.creab-design.fr\/politique-de-confidentialite\/<\/span><\/strong>. <span style=\"color: #ff0000\">[Consignes : ajoutez ici le lien hypertexte vers votre politique de confidentialit\u00e9]<\/span><\/p>\n\n\n<hr class=\"wp-block-separator\">\n\n\n<h2><span id=\"lwptoc24\">5 &#8211; Liens hypertextes et cookies<\/span><\/h2>\n\n\n\n<p>Le site <strong><span class=\"ff_dynamic_value\" data-ref=\"url\" data-fallback=\"\">https:\/\/www.garden-green.fr<\/span><\/strong>\n contient des liens hypertextes vers d\u2019autres sites et d\u00e9gage toute \nresponsabilit\u00e9 \u00e0 propos de ces liens externes ou des liens cr\u00e9\u00e9s par \nd\u2019autres sites vers <strong><span class=\"ff_dynamic_value\" data-ref=\"url\" data-fallback=\"\">https:\/\/www.garden-green.fr<\/span><\/strong>.<\/p>\n\n\n\n<p>La navigation sur le site <strong><span class=\"ff_dynamic_value\" data-ref=\"url\" data-fallback=\"\">https:\/\/www.garden-green.fr<\/span><\/strong> est susceptible de provoquer l\u2019installation de cookie(s) sur l\u2019ordinateur de l\u2019utilisateur.<\/p>\n\n\n\n<p>Un \u00ab\u00a0cookie\u00a0\u00bb est un fichier de petite taille qui enregistre des \ninformations relatives \u00e0 la navigation d\u2019un utilisateur sur un site. Les\n donn\u00e9es ainsi obtenues permettent d&rsquo;obtenir des mesures de \nfr\u00e9quentation, par exemple.<\/p>\n\n\n\n<p>Vous avez la possibilit\u00e9 <strong>d\u2019accepter ou de refuser les cookies<\/strong> en modifiant les param\u00e8tres de votre navigateur. Aucun cookie ne sera d\u00e9pos\u00e9 sans votre consentement.<\/p>\n\n\n\n<p>Les cookies sont enregistr\u00e9s pour une dur\u00e9e maximale de <span class=\"ff_dynamic_value\" data-ref=\"cookies\" data-fallback=\"\">6<\/span> mois.<\/p>\n\n\n\n<p>Pour plus d&rsquo;informations sur la fa\u00e7on dont nous faisons usage des cookies, lisez notre <strong><span class=\"ff_dynamic_value\" data-ref=\"politique_confidentialite\" data-fallback=\"\">https:\/\/paysagiste.creab-design.fr\/politique-de-confidentialite\/<\/span><\/strong>. <span style=\"color: #ff0000\">[Consignes\n : ajoutez ici le lien hypertexte vers votre politique de \nconfidentialit\u00e9 ou vers votre politique de cookies si vous en avez une \n(c&rsquo;est le cas si vous utilisez Complianz)]<\/span><\/p>\n\n\n<hr class=\"wp-block-separator\">\n\n\n<h2><span id=\"lwptoc25\">6 &#8211; Droit applicable et attribution de juridiction.<\/span><\/h2>\n\n\n\n<p>Tout litige en relation avec l\u2019utilisation du site <strong><span class=\"ff_dynamic_value\" data-ref=\"url\" data-fallback=\"\">https:\/\/www.garden-green.fr<\/span><\/strong>\n est soumis au droit fran\u00e7ais. En dehors des cas o\u00f9 la loi ne le permet \npas, il est fait attribution exclusive de juridiction aux tribunaux \ncomp\u00e9tents de <strong><span class=\"ff_dynamic_value\" data-ref=\"ville_du_tribunal\" data-fallback=\"\">Rouen<\/span><\/strong>.<\/p>\t\t\t\t\t\t\t\t<\/div>\n\t\t\t\t<\/div>\n\t\t\t\t\t<\/div>\n\t\t\t\t<\/div>\n\t\t\t\t<\/div>\n\t\t","protected":false},"excerpt":{"rendered":"<p>1 &#8211; \u00c9dition du site En vertu de l&rsquo;article 6 de la loi n\u00b0 2004-575 du 21 juin 2004 pour la confiance dans l&rsquo;\u00e9conomie num\u00e9rique, il est pr\u00e9cis\u00e9 aux utilisateurs du site internet https:\/\/www.garden-green.fr l&rsquo;identit\u00e9 des diff\u00e9rents intervenants dans le cadre de sa r\u00e9alisation et de son suivi: Propri\u00e9taire du site : Garden Green &#8211; [&hellip;]<\/p>\n","protected":false},"author":1,"featured_media":0,"parent":0,"menu_order":0,"comment_status":"closed","ping_status":"closed","template":"","meta":{"footnotes":""},"class_list":["post-22","page","type-page","status-publish","hentry"],"yoast_head":"<!-- This site is optimized with the Yoast SEO plugin v26.9 - https:\/\/yoast.com\/product\/yoast-seo-wordpress\/ -->\n<title>Mentions L\u00e9gales - Garden Green<\/title>\n<meta name=\"robots\" content=\"index, follow, max-snippet:-1, max-image-preview:large, max-video-preview:-1\" \/>\n<link rel=\"canonical\" href=\"https:\/\/paysagiste.creab-design.fr\/?page_id=22\" \/>\n<meta property=\"og:locale\" content=\"fr_FR\" \/>\n<meta property=\"og:type\" content=\"article\" \/>\n<meta property=\"og:title\" content=\"Mentions L\u00e9gales - Garden Green\" \/>\n<meta property=\"og:description\" content=\"1 &#8211; \u00c9dition du site En vertu de l&rsquo;article 6 de la loi n\u00b0 2004-575 du 21 juin 2004 pour la confiance dans l&rsquo;\u00e9conomie num\u00e9rique, il est pr\u00e9cis\u00e9 aux utilisateurs du site internet https:\/\/www.garden-green.fr l&rsquo;identit\u00e9 des diff\u00e9rents intervenants dans le cadre de sa r\u00e9alisation et de son suivi: Propri\u00e9taire du site : Garden Green &#8211; [&hellip;]\" \/>\n<meta property=\"og:url\" content=\"https:\/\/paysagiste.creab-design.fr\/?page_id=22\" \/>\n<meta property=\"og:site_name\" content=\"Garden Green\" \/>\n<meta property=\"article:modified_time\" content=\"2024-10-14T16:00:57+00:00\" \/>\n<meta name=\"twitter:card\" content=\"summary_large_image\" \/>\n<meta name=\"twitter:label1\" content=\"Dur\u00e9e de lecture estim\u00e9e\" \/>\n\t<meta name=\"twitter:data1\" content=\"4 minutes\" \/>\n<script type=\"application\/ld+json\" class=\"yoast-schema-graph\">{\"@context\":\"https:\/\/schema.org\",\"@graph\":[{\"@type\":\"WebPage\",\"@id\":\"https:\/\/paysagiste.creab-design.fr\/?page_id=22\",\"url\":\"https:\/\/paysagiste.creab-design.fr\/?page_id=22\",\"name\":\"Mentions L\u00e9gales - Garden Green\",\"isPartOf\":{\"@id\":\"https:\/\/paysagiste.creab-design.fr\/#website\"},\"datePublished\":\"2024-06-03T14:57:59+00:00\",\"dateModified\":\"2024-10-14T16:00:57+00:00\",\"breadcrumb\":{\"@id\":\"https:\/\/paysagiste.creab-design.fr\/?page_id=22#breadcrumb\"},\"inLanguage\":\"fr-FR\",\"potentialAction\":[{\"@type\":\"ReadAction\",\"target\":[\"https:\/\/paysagiste.creab-design.fr\/?page_id=22\"]}]},{\"@type\":\"BreadcrumbList\",\"@id\":\"https:\/\/paysagiste.creab-design.fr\/?page_id=22#breadcrumb\",\"itemListElement\":[{\"@type\":\"ListItem\",\"position\":1,\"name\":\"Accueil\",\"item\":\"https:\/\/paysagiste.creab-design.fr\/\"},{\"@type\":\"ListItem\",\"position\":2,\"name\":\"Mentions L\u00e9gales\"}]},{\"@type\":\"WebSite\",\"@id\":\"https:\/\/paysagiste.creab-design.fr\/#website\",\"url\":\"https:\/\/paysagiste.creab-design.fr\/\",\"name\":\"Garden Green\",\"description\":\"Un ext\u00e9rieur \u00e0 votre go\u00fbt\",\"publisher\":{\"@id\":\"https:\/\/paysagiste.creab-design.fr\/#organization\"},\"potentialAction\":[{\"@type\":\"SearchAction\",\"target\":{\"@type\":\"EntryPoint\",\"urlTemplate\":\"https:\/\/paysagiste.creab-design.fr\/?s={search_term_string}\"},\"query-input\":{\"@type\":\"PropertyValueSpecification\",\"valueRequired\":true,\"valueName\":\"search_term_string\"}}],\"inLanguage\":\"fr-FR\"},{\"@type\":\"Organization\",\"@id\":\"https:\/\/paysagiste.creab-design.fr\/#organization\",\"name\":\"Garden Green\",\"url\":\"https:\/\/paysagiste.creab-design.fr\/\",\"logo\":{\"@type\":\"ImageObject\",\"inLanguage\":\"fr-FR\",\"@id\":\"https:\/\/paysagiste.creab-design.fr\/#\/schema\/logo\/image\/\",\"url\":\"http:\/\/paysagiste.creab-design.fr\/wp-content\/uploads\/2024\/06\/cropped-Logotype_PNG.png\",\"contentUrl\":\"http:\/\/paysagiste.creab-design.fr\/wp-content\/uploads\/2024\/06\/cropped-Logotype_PNG.png\",\"width\":512,\"height\":512,\"caption\":\"Garden Green\"},\"image\":{\"@id\":\"https:\/\/paysagiste.creab-design.fr\/#\/schema\/logo\/image\/\"}}]}<\/script>\n<!-- \/ Yoast SEO plugin. -->","yoast_head_json":{"title":"Mentions L\u00e9gales - Garden Green","robots":{"index":"index","follow":"follow","max-snippet":"max-snippet:-1","max-image-preview":"max-image-preview:large","max-video-preview":"max-video-preview:-1"},"canonical":"https:\/\/paysagiste.creab-design.fr\/?page_id=22","og_locale":"fr_FR","og_type":"article","og_title":"Mentions L\u00e9gales - Garden Green","og_description":"1 &#8211; \u00c9dition du site En vertu de l&rsquo;article 6 de la loi n\u00b0 2004-575 du 21 juin 2004 pour la confiance dans l&rsquo;\u00e9conomie num\u00e9rique, il est pr\u00e9cis\u00e9 aux utilisateurs du site internet https:\/\/www.garden-green.fr l&rsquo;identit\u00e9 des diff\u00e9rents intervenants dans le cadre de sa r\u00e9alisation et de son suivi: Propri\u00e9taire du site : Garden Green &#8211; [&hellip;]","og_url":"https:\/\/paysagiste.creab-design.fr\/?page_id=22","og_site_name":"Garden Green","article_modified_time":"2024-10-14T16:00:57+00:00","twitter_card":"summary_large_image","twitter_misc":{"Dur\u00e9e de lecture estim\u00e9e":"4 minutes"},"schema":{"@context":"https:\/\/schema.org","@graph":[{"@type":"WebPage","@id":"https:\/\/paysagiste.creab-design.fr\/?page_id=22","url":"https:\/\/paysagiste.creab-design.fr\/?page_id=22","name":"Mentions L\u00e9gales - Garden Green","isPartOf":{"@id":"https:\/\/paysagiste.creab-design.fr\/#website"},"datePublished":"2024-06-03T14:57:59+00:00","dateModified":"2024-10-14T16:00:57+00:00","breadcrumb":{"@id":"https:\/\/paysagiste.creab-design.fr\/?page_id=22#breadcrumb"},"inLanguage":"fr-FR","potentialAction":[{"@type":"ReadAction","target":["https:\/\/paysagiste.creab-design.fr\/?page_id=22"]}]},{"@type":"BreadcrumbList","@id":"https:\/\/paysagiste.creab-design.fr\/?page_id=22#breadcrumb","itemListElement":[{"@type":"ListItem","position":1,"name":"Accueil","item":"https:\/\/paysagiste.creab-design.fr\/"},{"@type":"ListItem","position":2,"name":"Mentions L\u00e9gales"}]},{"@type":"WebSite","@id":"https:\/\/paysagiste.creab-design.fr\/#website","url":"https:\/\/paysagiste.creab-design.fr\/","name":"Garden Green","description":"Un ext\u00e9rieur \u00e0 votre go\u00fbt","publisher":{"@id":"https:\/\/paysagiste.creab-design.fr\/#organization"},"potentialAction":[{"@type":"SearchAction","target":{"@type":"EntryPoint","urlTemplate":"https:\/\/paysagiste.creab-design.fr\/?s={search_term_string}"},"query-input":{"@type":"PropertyValueSpecification","valueRequired":true,"valueName":"search_term_string"}}],"inLanguage":"fr-FR"},{"@type":"Organization","@id":"https:\/\/paysagiste.creab-design.fr\/#organization","name":"Garden Green","url":"https:\/\/paysagiste.creab-design.fr\/","logo":{"@type":"ImageObject","inLanguage":"fr-FR","@id":"https:\/\/paysagiste.creab-design.fr\/#\/schema\/logo\/image\/","url":"http:\/\/paysagiste.creab-design.fr\/wp-content\/uploads\/2024\/06\/cropped-Logotype_PNG.png","contentUrl":"http:\/\/paysagiste.creab-design.fr\/wp-content\/uploads\/2024\/06\/cropped-Logotype_PNG.png","width":512,"height":512,"caption":"Garden Green"},"image":{"@id":"https:\/\/paysagiste.creab-design.fr\/#\/schema\/logo\/image\/"}}]}},"_links":{"self":[{"href":"https:\/\/paysagiste.creab-design.fr\/index.php?rest_route=\/wp\/v2\/pages\/22","targetHints":{"allow":["GET"]}}],"collection":[{"href":"https:\/\/paysagiste.creab-design.fr\/index.php?rest_route=\/wp\/v2\/pages"}],"about":[{"href":"https:\/\/paysagiste.creab-design.fr\/index.php?rest_route=\/wp\/v2\/types\/page"}],"author":[{"embeddable":true,"href":"https:\/\/paysagiste.creab-design.fr\/index.php?rest_route=\/wp\/v2\/users\/1"}],"replies":[{"embeddable":true,"href":"https:\/\/paysagiste.creab-design.fr\/index.php?rest_route=%2Fwp%2Fv2%2Fcomments&post=22"}],"version-history":[{"count":16,"href":"https:\/\/paysagiste.creab-design.fr\/index.php?rest_route=\/wp\/v2\/pages\/22\/revisions"}],"predecessor-version":[{"id":669,"href":"https:\/\/paysagiste.creab-design.fr\/index.php?rest_route=\/wp\/v2\/pages\/22\/revisions\/669"}],"wp:attachment":[{"href":"https:\/\/paysagiste.creab-design.fr\/index.php?rest_route=%2Fwp%2Fv2%2Fmedia&parent=22"}],"curies":[{"name":"wp","href":"https:\/\/api.w.org\/{rel}","templated":true}]}}